{"id":75,"date":"2023-06-25T14:01:15","date_gmt":"2023-06-25T14:01:15","guid":{"rendered":"https:\/\/kdhits.com\/?page_id=75"},"modified":"2025-11-23T15:49:23","modified_gmt":"2025-11-23T15:49:23","slug":"nosotros","status":"publish","type":"page","link":"https:\/\/kdhits.com\/en\/nosotros\/","title":{"rendered":"About Us"},"content":{"rendered":"\t\t<div data-elementor-type=\"wp-page\" data-elementor-id=\"75\" class=\"elementor elementor-75\" data-elementor-post-type=\"page\">\n\t\t\t\t\t\t<section class=\"elementor-section elementor-top-section elementor-element elementor-element-28a4ec95 elementor-section-full_width elementor-section-height-min-height elementor-section-items-stretch elementor-section-height-default\" data-id=\"28a4ec95\" data-element_type=\"section\" data-e-type=\"section\">\n\t\t\t\t\t\t<div class=\"elementor-container elementor-column-gap-no\">\n\t\t\t\t\t<div class=\"elementor-column elementor-col-50 elementor-top-column elementor-element elementor-element-7c8f50a7\" data-id=\"7c8f50a7\" data-element_type=\"column\" data-e-type=\"column\">\n\t\t\t<div class=\"elementor-widget-wrap elementor-element-populated\">\n\t\t\t\t\t\t<section class=\"elementor-section elementor-inner-section elementor-element elementor-element-2c22d783 elementor-section-full_width elementor-section-height-default elementor-section-height-default\" data-id=\"2c22d783\" data-element_type=\"section\" data-e-type=\"section\">\n\t\t\t\t\t\t<div class=\"elementor-container elementor-column-gap-no\">\n\t\t\t\t\t<div class=\"elementor-column elementor-col-100 elementor-inner-column elementor-element elementor-element-4a696319\" data-id=\"4a696319\" data-element_type=\"column\" data-e-type=\"column\">\n\t\t\t<div class=\"elementor-widget-wrap elementor-element-populated\">\n\t\t\t\t\t\t<div class=\"elementor-element elementor-element-7d19f0b6 elementor-invisible elementor-widget elementor-widget-heading\" data-id=\"7d19f0b6\" data-element_type=\"widget\" data-e-type=\"widget\" data-settings=\"{&quot;_animation&quot;:&quot;fadeInUp&quot;}\" data-widget_type=\"heading.default\">\n\t\t\t\t<div class=\"elementor-widget-container\">\n\t\t\t\t\t<h3 class=\"elementor-heading-title elementor-size-default\">BIENVENIDOS A NUESTRA P\u00c1GINA WEB<\/h3>\t\t\t\t<\/div>\n\t\t\t\t<\/div>\n\t\t\t\t<div class=\"elementor-element elementor-element-10fc7295 elementor-widget elementor-widget-heading\" data-id=\"10fc7295\" data-element_type=\"widget\" data-e-type=\"widget\" data-widget_type=\"heading.default\">\n\t\t\t\t<div class=\"elementor-widget-container\">\n\t\t\t\t\t<h1 class=\"elementor-heading-title elementor-size-default\">KDHITS<\/h1>\t\t\t\t<\/div>\n\t\t\t\t<\/div>\n\t\t\t\t<div class=\"elementor-element elementor-element-5a670be9 elementor-widget__width-initial elementor-widget elementor-widget-text-editor\" data-id=\"5a670be9\" data-element_type=\"widget\" data-e-type=\"widget\" data-widget_type=\"text-editor.default\">\n\t\t\t\t<div class=\"elementor-widget-container\">\n\t\t\t\t\t\t\t\t\t<p>Somos una empresa con muchos a\u00f1os de experiencia en el campo de la IT servicios, la m\u00fasica y el aprendizaje de idiomas centrada principalmente en el alem\u00e1n y el ingl\u00e9s.<\/p>\t\t\t\t\t\t\t\t<\/div>\n\t\t\t\t<\/div>\n\t\t\t\t\t<\/div>\n\t\t<\/div>\n\t\t\t\t\t<\/div>\n\t\t<\/section>\n\t\t\t\t\t<\/div>\n\t\t<\/div>\n\t\t\t\t<div class=\"elementor-column elementor-col-50 elementor-top-column elementor-element elementor-element-570fc1ab\" data-id=\"570fc1ab\" data-element_type=\"column\" data-e-type=\"column\" data-settings=\"{&quot;background_background&quot;:&quot;classic&quot;}\">\n\t\t\t<div class=\"elementor-widget-wrap elementor-element-populated\">\n\t\t\t\t\t\t<div class=\"elementor-element elementor-element-306507d9 elementor-widget elementor-widget-spacer\" data-id=\"306507d9\" data-element_type=\"widget\" data-e-type=\"widget\" data-widget_type=\"spacer.default\">\n\t\t\t\t<div class=\"elementor-widget-container\">\n\t\t\t\t\t\t\t<div class=\"elementor-spacer\">\n\t\t\t<div class=\"elementor-spacer-inner\"><\/div>\n\t\t<\/div>\n\t\t\t\t\t\t<\/div>\n\t\t\t\t<\/div>\n\t\t\t\t\t<\/div>\n\t\t<\/div>\n\t\t\t\t\t<\/div>\n\t\t<\/section>\n\t\t\t\t<section class=\"elementor-section elementor-top-section elementor-element elementor-element-9e03159 elementor-section-boxed elementor-section-height-default elementor-section-height-default\" data-id=\"9e03159\" data-element_type=\"section\" data-e-type=\"section\">\n\t\t\t\t\t\t<div class=\"elementor-container elementor-column-gap-default\">\n\t\t\t\t\t<div class=\"elementor-column elementor-col-33 elementor-top-column elementor-element elementor-element-0cdf8c3\" data-id=\"0cdf8c3\" data-element_type=\"column\" data-e-type=\"column\">\n\t\t\t<div class=\"elementor-widget-wrap elementor-element-populated\">\n\t\t\t\t\t\t<div class=\"elementor-element elementor-element-2e334f5 elementor-widget elementor-widget-heading\" data-id=\"2e334f5\" data-element_type=\"widget\" data-e-type=\"widget\" data-widget_type=\"heading.default\">\n\t\t\t\t<div class=\"elementor-widget-container\">\n\t\t\t\t\t<h2 class=\"elementor-heading-title elementor-size-default\">MISI\u00d3N<\/h2>\t\t\t\t<\/div>\n\t\t\t\t<\/div>\n\t\t\t\t<div class=\"elementor-element elementor-element-ad27c03 elementor-widget elementor-widget-text-editor\" data-id=\"ad27c03\" data-element_type=\"widget\" data-e-type=\"widget\" data-widget_type=\"text-editor.default\">\n\t\t\t\t<div class=\"elementor-widget-container\">\n\t\t\t\t\t\t\t\t\t<p>La misi\u00f3n de KDHITS es iluminar a sus clientes, tanto usuarios finales como empresas, con excepcionalesservicios de TI, formaci\u00f3n ling\u00fc\u00edstica y cursos de m\u00fasica.Muchos a\u00f1os de experiencia en TI, la pasi\u00f3n por las nuevas tecnolog\u00edas y la experiencia adquirida, elaprendizaje y el uso de nuevos idiomas y una pasi\u00f3n de toda la vida por la m\u00fasica proporcionan la baseideal para ofrecer la m\u00e1s alta calidad a sus clientes con empat\u00eda, calidez, amabilidad, honestidad, experiencia, habilidades y capacidades.<\/p>\t\t\t\t\t\t\t\t<\/div>\n\t\t\t\t<\/div>\n\t\t\t\t\t<\/div>\n\t\t<\/div>\n\t\t\t\t<div class=\"elementor-column elementor-col-33 elementor-top-column elementor-element elementor-element-8090258\" data-id=\"8090258\" data-element_type=\"column\" data-e-type=\"column\">\n\t\t\t<div class=\"elementor-widget-wrap elementor-element-populated\">\n\t\t\t\t\t\t<div class=\"elementor-element elementor-element-7f48c40 elementor-widget elementor-widget-heading\" data-id=\"7f48c40\" data-element_type=\"widget\" data-e-type=\"widget\" data-widget_type=\"heading.default\">\n\t\t\t\t<div class=\"elementor-widget-container\">\n\t\t\t\t\t<h2 class=\"elementor-heading-title elementor-size-default\">VISI\u00d3N <\/h2>\t\t\t\t<\/div>\n\t\t\t\t<\/div>\n\t\t\t\t<div class=\"elementor-element elementor-element-12aa9e3 elementor-widget elementor-widget-text-editor\" data-id=\"12aa9e3\" data-element_type=\"widget\" data-e-type=\"widget\" data-widget_type=\"text-editor.default\">\n\t\t\t\t<div class=\"elementor-widget-container\">\n\t\t\t\t\t\t\t\t\t<p>La visi\u00f3n de KDHITS es ser un proveedor l\u00edder de servicios de TI que aspira a ser reconocido por sucompromiso con la excelencia y la innovaci\u00f3n. Nos esforzamos por adoptar un enfoque centrado en elcliente que ofrezca transparencia en la elecci\u00f3n y el uso detecnolog\u00edas, generando confianza para suimplantaci\u00f3n inteligente. Para alcanzar los objetivos previstos o resolver problemas con eficacia yeficiencia y tomar decisiones con conocimiento de causa, las tecnolog\u00edas deben implantarse de la formapara la quefueron dise\u00f1adas. Nos apasiona la tecnolog\u00eda y su potencial para transformar las empresas, y nos comprometemos aayudar a nuestros clientes a aprovechar los \u00faltimos avances para alcanzar sus objetivos. En KDHITS, nos mueve un prop\u00f3sito com\u00fan: ayudar anuestros clientes a triunfar en un panorama digitalen r\u00e1pida evoluci\u00f3n. Adem\u00e1s, nuestra pasi\u00f3n por la m\u00fasica nos inspira para llevar la magia de tocar m\u00fasica a los dem\u00e1s y, connuestra propia experiencia de aprendizaje permanente, queremos transmitir nuestra alegr\u00eda poraprender idiomas para posibilitar la comunicaci\u00f3n con los dem\u00e1s.<\/p>\t\t\t\t\t\t\t\t<\/div>\n\t\t\t\t<\/div>\n\t\t\t\t\t<\/div>\n\t\t<\/div>\n\t\t\t\t<div class=\"elementor-column elementor-col-33 elementor-top-column elementor-element elementor-element-600ac7d\" data-id=\"600ac7d\" data-element_type=\"column\" data-e-type=\"column\">\n\t\t\t<div class=\"elementor-widget-wrap elementor-element-populated\">\n\t\t\t\t\t\t<div class=\"elementor-element elementor-element-80404b5 elementor-widget elementor-widget-heading\" data-id=\"80404b5\" data-element_type=\"widget\" data-e-type=\"widget\" data-widget_type=\"heading.default\">\n\t\t\t\t<div class=\"elementor-widget-container\">\n\t\t\t\t\t<h2 class=\"elementor-heading-title elementor-size-default\">VALOR<\/h2>\t\t\t\t<\/div>\n\t\t\t\t<\/div>\n\t\t\t\t<div class=\"elementor-element elementor-element-1c7185b elementor-widget elementor-widget-text-editor\" data-id=\"1c7185b\" data-element_type=\"widget\" data-e-type=\"widget\" data-widget_type=\"text-editor.default\">\n\t\t\t\t<div class=\"elementor-widget-container\">\n\t\t\t\t\t\t\t\t\t<p>En KDHITS ofrecemos una gama cada vez mayor de servicios inform\u00e1ticos y de otro tipo tanto a usuariosfinales como a empresas. Nuestra propuesta de valor secentra en ofrecer un servicio al clienteexcepcional, soluciones a medida y tecnolog\u00eda innovadora que ayude a nuestros clientes a alcanzar susobjetivos. Entendemos que cada persona y cada empresa es \u00fanica, y trabajamos estrechamente connuestros clientespara comprender sus necesidades y retos espec\u00edficos. Nos dedicamos a ofrecer soluciones fiables y eficientes que mejoren la satisfacci\u00f3n de los usuariosfinales y la rentabilidad de las empresas y la eficiencia de las TI. Adem\u00e1s, para las empresas: Nuestro equipo de expertos se dedica a ofrecer soluciones de software fiables y eficientes que mejoranla rentabilidad de las empresas y la eficiencia de las TI. Nos comprometemos a ofrecer solucionesrentables que generen mayores ingresos, reduzcan costesy gastos y aporten ventajas competitivas anuestros clientes. Nuestra propuesta de valor se basa en una sencilla promesa: hacer de la tecnolog\u00eda unactivo para los usuarios finales y las empresas, no un problema. Con nuestra ayuda, su empresa puedeaprovechar los \u00faltimos avances tecnol\u00f3gicos para alcanzar sus objetivos y mantenerse por delante de lacompetencia.<\/p>\t\t\t\t\t\t\t\t<\/div>\n\t\t\t\t<\/div>\n\t\t\t\t\t<\/div>\n\t\t<\/div>\n\t\t\t\t\t<\/div>\n\t\t<\/section>\n\t\t\t\t<section class=\"elementor-section elementor-top-section elementor-element elementor-element-7b10bf7f elementor-section-boxed elementor-section-height-default elementor-section-height-default\" data-id=\"7b10bf7f\" data-element_type=\"section\" data-e-type=\"section\" data-settings=\"{&quot;background_background&quot;:&quot;classic&quot;}\">\n\t\t\t\t\t\t<div class=\"elementor-container elementor-column-gap-no\">\n\t\t\t\t\t<div class=\"elementor-column elementor-col-50 elementor-top-column elementor-element elementor-element-729bd52c\" data-id=\"729bd52c\" data-element_type=\"column\" data-e-type=\"column\">\n\t\t\t<div class=\"elementor-widget-wrap elementor-element-populated\">\n\t\t\t\t\t\t<div class=\"elementor-element elementor-element-fab2ba3 elementor-widget elementor-widget-heading\" data-id=\"fab2ba3\" data-element_type=\"widget\" data-e-type=\"widget\" data-widget_type=\"heading.default\">\n\t\t\t\t<div class=\"elementor-widget-container\">\n\t\t\t\t\t<h2 class=\"elementor-heading-title elementor-size-default\">contactar<\/h2>\t\t\t\t<\/div>\n\t\t\t\t<\/div>\n\t\t\t\t<div class=\"elementor-element elementor-element-74f69f82 elementor-icon-list--layout-traditional elementor-list-item-link-full_width elementor-widget elementor-widget-icon-list\" data-id=\"74f69f82\" data-element_type=\"widget\" data-e-type=\"widget\" data-widget_type=\"icon-list.default\">\n\t\t\t\t<div class=\"elementor-widget-container\">\n\t\t\t\t\t\t\t<ul class=\"elementor-icon-list-items\">\n\t\t\t\t\t\t\t<li class=\"elementor-icon-list-item\">\n\t\t\t\t\t\t\t\t\t\t\t<a href=\"tel:+34600912507\">\n\n\t\t\t\t\t\t\t\t\t\t\t\t<span class=\"elementor-icon-list-icon\">\n\t\t\t\t\t\t\t<i aria-hidden=\"true\" class=\"fas fa-phone-alt\"><\/i>\t\t\t\t\t\t<\/span>\n\t\t\t\t\t\t\t\t\t\t<span class=\"elementor-icon-list-text\">Tel\u00e9fono: +34 600 91 25 07<\/span>\n\t\t\t\t\t\t\t\t\t\t\t<\/a>\n\t\t\t\t\t\t\t\t\t<\/li>\n\t\t\t\t\t\t\t\t<li class=\"elementor-icon-list-item\">\n\t\t\t\t\t\t\t\t\t\t\t<a href=\"mailto:dieter.herrmann@kdhits.com\">\n\n\t\t\t\t\t\t\t\t\t\t\t\t<span class=\"elementor-icon-list-icon\">\n\t\t\t\t\t\t\t<i aria-hidden=\"true\" class=\"fas fa-comment\"><\/i>\t\t\t\t\t\t<\/span>\n\t\t\t\t\t\t\t\t\t\t<span class=\"elementor-icon-list-text\">Mail: Dieter.herrmann@kdhits.com<\/span>\n\t\t\t\t\t\t\t\t\t\t\t<\/a>\n\t\t\t\t\t\t\t\t\t<\/li>\n\t\t\t\t\t\t<\/ul>\n\t\t\t\t\t\t<\/div>\n\t\t\t\t<\/div>\n\t\t\t\t<div class=\"elementor-element elementor-element-4d86d9f0 elementor-invisible elementor-widget elementor-widget-heading\" data-id=\"4d86d9f0\" data-element_type=\"widget\" data-e-type=\"widget\" data-settings=\"{&quot;_animation&quot;:&quot;fadeInUp&quot;}\" data-widget_type=\"heading.default\">\n\t\t\t\t<div class=\"elementor-widget-container\">\n\t\t\t\t\t<h1 class=\"elementor-heading-title elementor-size-default\">UBICACI\u00d3N<\/h1>\t\t\t\t<\/div>\n\t\t\t\t<\/div>\n\t\t\t\t<div class=\"elementor-element elementor-element-f72f81d elementor-widget elementor-widget-google_maps\" data-id=\"f72f81d\" data-element_type=\"widget\" data-e-type=\"widget\" data-widget_type=\"google_maps.default\">\n\t\t\t\t<div class=\"elementor-widget-container\">\n\t\t\t\t\t\t\t<div class=\"elementor-custom-embed\">\n\t\t\t<iframe loading=\"lazy\"\n\t\t\t\t\tsrc=\"https:\/\/maps.google.com\/maps?q=Daganzo%20de%20arriba&#038;t=m&#038;z=10&#038;output=embed&#038;iwloc=near\"\n\t\t\t\t\ttitle=\"Daganzo de arriba\"\n\t\t\t\t\taria-label=\"Daganzo de arriba\"\n\t\t\t><\/iframe>\n\t\t<\/div>\n\t\t\t\t\t\t<\/div>\n\t\t\t\t<\/div>\n\t\t\t\t\t<\/div>\n\t\t<\/div>\n\t\t\t\t<div class=\"elementor-column elementor-col-50 elementor-top-column elementor-element elementor-element-70e0e041\" data-id=\"70e0e041\" data-element_type=\"column\" data-e-type=\"column\">\n\t\t\t<div class=\"elementor-widget-wrap elementor-element-populated\">\n\t\t\t\t\t\t<div class=\"elementor-element elementor-element-f82685d elementor-widget elementor-widget-text-editor\" data-id=\"f82685d\" data-element_type=\"widget\" data-e-type=\"widget\" data-widget_type=\"text-editor.default\">\n\t\t\t\t<div class=\"elementor-widget-container\">\n\t\t\t\t\t\t\t\t\t<p>Nuestro equipo est\u00e1 formado por profesionales altamente capacitados y con amplia experiencia en sus respectivos campos. Estamos comprometidos con la excelencia en cada proyecto que emprendemos. Nos aseguramos de mantenernos actualizados con las \u00faltimas tendencias y avances en el \u00e1mbito de la tecnolog\u00eda, la m\u00fasica y la ense\u00f1anza de idiomas, para poder brindar soluciones de vanguardia y garantizar un servicio de alta calidad.<\/p><p>En cada interacci\u00f3n con nuestros clientes, nos esforzamos por ofrecer un trato profesional. Escuchamos atentamente sus necesidades y requerimientos, y trabajamos en estrecha colaboraci\u00f3n con ellos para dise\u00f1ar soluciones personalizadas y adaptadas a sus objetivos espec\u00edficos. Nuestro objetivo es proporcionar un servicio integral y satisfactorio, que cumpla con los m\u00e1s altos est\u00e1ndares de calidad.<\/p>\t\t\t\t\t\t\t\t<\/div>\n\t\t\t\t<\/div>\n\t\t\t\t<div class=\"elementor-element elementor-element-0b1a28b elementor-widget elementor-widget-text-editor\" data-id=\"0b1a28b\" data-element_type=\"widget\" data-e-type=\"widget\" data-widget_type=\"text-editor.default\">\n\t\t\t\t<div class=\"elementor-widget-container\">\n\t\t\t\t\t\t\t\t\t<p>Cuando se trata de idiomas, estamos especializados en la ense\u00f1anza del alem\u00e1n y el ingl\u00e9s. Sabemos que aprender un nuevo idioma puede ser un reto, por lo que nos adaptamos a las necesidades y objetivos de cada alumno. Nuestros cursos de idiomas est\u00e1n dise\u00f1ados para mejorar la comprensi\u00f3n oral, la expresi\u00f3n escrita, la gram\u00e1tica y el vocabulario, proporcionando a nuestros estudiantes las herramientas que necesitan para comunicarse con confianza en un entorno multicultural.<\/p>\t\t\t\t\t\t\t\t<\/div>\n\t\t\t\t<\/div>\n\t\t\t\t<div class=\"elementor-element elementor-element-6654e57 elementor-widget elementor-widget-text-editor\" data-id=\"6654e57\" data-element_type=\"widget\" data-e-type=\"widget\" data-widget_type=\"text-editor.default\">\n\t\t\t\t<div class=\"elementor-widget-container\">\n\t\t\t\t\t\t\t\t\t<p>Adem\u00e1s de nuestros servicios de inform\u00e1tica e idiomas, tambi\u00e9n destacamos en el campo de la m\u00fasica. Ofrecemos cursos de m\u00fasica para los interesados en aprender a tocar la guitarra ,mejorar sus habilidades musicales y el software de producci\u00f3n musical Logic Pro. Nuestros profesores, altamente cualificados y experimentados, ofrecen clases individuales y en grupo adaptadas a diferentes niveles de habilidad y preferencias musicales.<\/p>\t\t\t\t\t\t\t\t<\/div>\n\t\t\t\t<\/div>\n\t\t\t\t<div class=\"elementor-element elementor-element-eb03e2e elementor-widget elementor-widget-text-editor\" data-id=\"eb03e2e\" data-element_type=\"widget\" data-e-type=\"widget\" data-widget_type=\"text-editor.default\">\n\t\t\t\t<div class=\"elementor-widget-container\">\n\t\t\t\t\t\t\t\t\t<p>Adem\u00e1s de nuestros servicios inform\u00e1ticos, tambi\u00e9n nos destacamos en el \u00e1mbito de la educaci\u00f3n. Ofrecemos cursos de m\u00fasica para aquellos interesados en aprender a tocar un instrumento o mejorar sus habilidades musicales. Nuestros profesores altamente capacitados y experimentados ofrecen clases individuales y grupales adaptadas a diferentes niveles de habilidad y preferencias musicales.<\/p>\t\t\t\t\t\t\t\t<\/div>\n\t\t\t\t<\/div>\n\t\t\t\t\t<\/div>\n\t\t<\/div>\n\t\t\t\t\t<\/div>\n\t\t<\/section>\n\t\t\t\t<section class=\"elementor-section elementor-top-section elementor-element elementor-element-1f9f38a3 elementor-section-full_width elementor-section-height-min-height elementor-section-items-stretch elementor-section-height-default\" data-id=\"1f9f38a3\" data-element_type=\"section\" data-e-type=\"section\" data-settings=\"{&quot;background_background&quot;:&quot;slideshow&quot;,&quot;background_slideshow_gallery&quot;:[{&quot;id&quot;:144,&quot;url&quot;:&quot;https:\\\/\\\/kdhits.com\\\/wp-content\\\/uploads\\\/2023\\\/06\\\/clement-helardot-95YRwf6CNw8-unsplash-scaled.jpg&quot;},{&quot;id&quot;:229,&quot;url&quot;:&quot;https:\\\/\\\/kdhits.com\\\/wp-content\\\/uploads\\\/2023\\\/06\\\/estee-janssens-2enBTsIVhUU-unsplash-scaled.jpg&quot;},{&quot;id&quot;:141,&quot;url&quot;:&quot;https:\\\/\\\/kdhits.com\\\/wp-content\\\/uploads\\\/2023\\\/06\\\/jacek-dylag-hUHzaiAHuUc-unsplash-scaled.jpg&quot;},{&quot;id&quot;:140,&quot;url&quot;:&quot;https:\\\/\\\/kdhits.com\\\/wp-content\\\/uploads\\\/2023\\\/06\\\/giancarlo-duarte-cTj8vbZeX44-unsplash-scaled.jpg&quot;},{&quot;id&quot;:139,&quot;url&quot;:&quot;https:\\\/\\\/kdhits.com\\\/wp-content\\\/uploads\\\/2023\\\/06\\\/techivation-Fa50KajoAtA-unsplash-scaled.jpg&quot;},{&quot;id&quot;:138,&quot;url&quot;:&quot;https:\\\/\\\/kdhits.com\\\/wp-content\\\/uploads\\\/2023\\\/06\\\/techivation-J1J6JPKllNY-unsplash-scaled.jpg&quot;},{&quot;id&quot;:143,&quot;url&quot;:&quot;https:\\\/\\\/kdhits.com\\\/wp-content\\\/uploads\\\/2023\\\/06\\\/katie-moum-7XGtYefMXiQ-unsplash-scaled.jpg&quot;},{&quot;id&quot;:145,&quot;url&quot;:&quot;https:\\\/\\\/kdhits.com\\\/wp-content\\\/uploads\\\/2023\\\/06\\\/sigmund-Im_cQ6hQo10-unsplash-scaled.jpg&quot;},{&quot;id&quot;:228,&quot;url&quot;:&quot;https:\\\/\\\/kdhits.com\\\/wp-content\\\/uploads\\\/2023\\\/06\\\/lewis-keegan-oB2aEeE8s4A-unsplash-scaled.jpg&quot;}],&quot;background_slideshow_slide_duration&quot;:4000,&quot;background_slideshow_loop&quot;:&quot;yes&quot;,&quot;background_slideshow_slide_transition&quot;:&quot;fade&quot;,&quot;background_slideshow_transition_duration&quot;:500}\">\n\t\t\t\t\t\t\t<div class=\"elementor-background-overlay\"><\/div>\n\t\t\t\t\t\t\t<div class=\"elementor-container elementor-column-gap-no\">\n\t\t\t\t\t<div class=\"elementor-column elementor-col-100 elementor-top-column elementor-element elementor-element-5de7d2b0\" data-id=\"5de7d2b0\" data-element_type=\"column\" data-e-type=\"column\">\n\t\t\t<div class=\"elementor-widget-wrap\">\n\t\t\t\t\t\t\t<\/div>\n\t\t<\/div>\n\t\t\t\t\t<\/div>\n\t\t<\/section>\n\t\t\t\t<\/div>\n\t\t","protected":false},"excerpt":{"rendered":"<p>BIENVENIDOS A NUESTRA P\u00c1GINA WEB KDHITS Somos una empresa con muchos a\u00f1os de experiencia en el campo de la IT servicios, la m\u00fasica y el aprendizaje de idiomas centrada principalmente en el alem\u00e1n y el ingl\u00e9s. MISI\u00d3N La misi\u00f3n de KDHITS es iluminar a sus clientes, tanto usuarios finales como empresas, con excepcionalesservicios de TI, [&hellip;]<\/p>\n","protected":false},"author":2,"featured_media":0,"parent":0,"menu_order":0,"comment_status":"closed","ping_status":"closed","template":"elementor_header_footer","meta":{"footnotes":""},"class_list":["post-75","page","type-page","status-publish","hentry"],"_links":{"self":[{"href":"https:\/\/kdhits.com\/en\/wp-json\/wp\/v2\/pages\/75","targetHints":{"allow":["GET"]}}],"collection":[{"href":"https:\/\/kdhits.com\/en\/wp-json\/wp\/v2\/pages"}],"about":[{"href":"https:\/\/kdhits.com\/en\/wp-json\/wp\/v2\/types\/page"}],"author":[{"embeddable":true,"href":"https:\/\/kdhits.com\/en\/wp-json\/wp\/v2\/users\/2"}],"replies":[{"embeddable":true,"href":"https:\/\/kdhits.com\/en\/wp-json\/wp\/v2\/comments?post=75"}],"version-history":[{"count":89,"href":"https:\/\/kdhits.com\/en\/wp-json\/wp\/v2\/pages\/75\/revisions"}],"predecessor-version":[{"id":848,"href":"https:\/\/kdhits.com\/en\/wp-json\/wp\/v2\/pages\/75\/revisions\/848"}],"wp:attachment":[{"href":"https:\/\/kdhits.com\/en\/wp-json\/wp\/v2\/media?parent=75"}],"curies":[{"name":"wp","href":"https:\/\/api.w.org\/{rel}","templated":true}]}}