{"id":71,"date":"2023-06-25T13:58:44","date_gmt":"2023-06-25T13:58:44","guid":{"rendered":"https:\/\/kdhits.com\/?page_id=71"},"modified":"2023-06-29T08:32:32","modified_gmt":"2023-06-29T08:32:32","slug":"servicios","status":"publish","type":"page","link":"https:\/\/kdhits.com\/en\/servicios\/","title":{"rendered":"Services"},"content":{"rendered":"<div data-elementor-type=\"wp-page\" data-elementor-id=\"71\" class=\"elementor elementor-71\" data-elementor-post-type=\"page\">\n\t\t\t\t\t\t<section class=\"elementor-section elementor-top-section elementor-element elementor-element-32a50f14 elementor-section-height-min-height elementor-section-items-stretch elementor-section-content-middle elementor-section-boxed elementor-section-height-default\" data-id=\"32a50f14\" data-element_type=\"section\" data-e-type=\"section\" data-settings=\"{&quot;background_background&quot;:&quot;classic&quot;}\">\n\t\t\t\t\t\t<div class=\"elementor-container elementor-column-gap-no\">\n\t\t\t\t\t<div class=\"elementor-column elementor-col-100 elementor-top-column elementor-element elementor-element-270a72ff\" data-id=\"270a72ff\" data-element_type=\"column\" data-e-type=\"column\" data-settings=\"{&quot;background_background&quot;:&quot;classic&quot;}\">\n\t\t\t<div class=\"elementor-widget-wrap elementor-element-populated\">\n\t\t\t\t\t\t<div class=\"elementor-element elementor-element-3d3e8d7b elementor-invisible elementor-widget elementor-widget-heading\" data-id=\"3d3e8d7b\" data-element_type=\"widget\" data-e-type=\"widget\" data-settings=\"{&quot;_animation&quot;:&quot;fadeIn&quot;,&quot;_animation_delay&quot;:400}\" data-widget_type=\"heading.default\">\n\t\t\t\t<div class=\"elementor-widget-container\">\n\t\t\t\t\t<h2 class=\"elementor-heading-title elementor-size-default\">OUR SERVICES <\/h2>\t\t\t\t<\/div>\n\t\t\t\t<\/div>\n\t\t\t\t<div class=\"elementor-element elementor-element-4d90a184 elementor-invisible elementor-widget elementor-widget-text-editor\" data-id=\"4d90a184\" data-element_type=\"widget\" data-e-type=\"widget\" data-settings=\"{&quot;_animation&quot;:&quot;fadeIn&quot;,&quot;_animation_delay&quot;:600}\" data-widget_type=\"text-editor.default\">\n\t\t\t\t<div class=\"elementor-widget-container\">\n\t\t\t\t\t\t\t\t\t<p>KDHITS offers a variety of<br \/>IT, music and language services<br \/>with a focus on delivering exceptional customer service with unbeatable quality and professionalism.<\/p>\t\t\t\t\t\t\t\t<\/div>\n\t\t\t\t<\/div>\n\t\t\t\t\t<\/div>\n\t\t<\/div>\n\t\t\t\t\t<\/div>\n\t\t<\/section>\n\t\t\t\t<section class=\"elementor-section elementor-top-section elementor-element elementor-element-3314d3d elementor-section-boxed elementor-section-height-default elementor-section-height-default\" data-id=\"3314d3d\" data-element_type=\"section\" data-e-type=\"section\">\n\t\t\t\t\t\t<div class=\"elementor-container elementor-column-gap-default\">\n\t\t\t\t\t<div class=\"elementor-column elementor-col-50 elementor-top-column elementor-element elementor-element-082db63\" data-id=\"082db63\" data-element_type=\"column\" data-e-type=\"column\">\n\t\t\t<div class=\"elementor-widget-wrap elementor-element-populated\">\n\t\t\t\t\t\t<div class=\"elementor-element elementor-element-9c69844 elementor-widget elementor-widget-image\" data-id=\"9c69844\" data-element_type=\"widget\" data-e-type=\"widget\" data-widget_type=\"image.default\">\n\t\t\t\t<div class=\"elementor-widget-container\">\n\t\t\t\t\t\t\t\t\t\t\t\t\t\t\t<img fetchpriority=\"high\" decoding=\"async\" width=\"768\" height=\"512\" src=\"https:\/\/kdhits.com\/wp-content\/uploads\/2023\/06\/clement-helardot-95YRwf6CNw8-unsplash-768x512.jpg\" class=\"attachment-medium_large size-medium_large wp-image-144\" alt=\"\" srcset=\"https:\/\/kdhits.com\/wp-content\/uploads\/2023\/06\/clement-helardot-95YRwf6CNw8-unsplash-768x512.jpg 768w, https:\/\/kdhits.com\/wp-content\/uploads\/2023\/06\/clement-helardot-95YRwf6CNw8-unsplash-300x200.jpg 300w, https:\/\/kdhits.com\/wp-content\/uploads\/2023\/06\/clement-helardot-95YRwf6CNw8-unsplash-1024x683.jpg 1024w, https:\/\/kdhits.com\/wp-content\/uploads\/2023\/06\/clement-helardot-95YRwf6CNw8-unsplash-1536x1024.jpg 1536w, https:\/\/kdhits.com\/wp-content\/uploads\/2023\/06\/clement-helardot-95YRwf6CNw8-unsplash-2048x1365.jpg 2048w, https:\/\/kdhits.com\/wp-content\/uploads\/2023\/06\/clement-helardot-95YRwf6CNw8-unsplash-600x400.jpg 600w\" sizes=\"(max-width: 768px) 100vw, 768px\" \/>\t\t\t\t\t\t\t\t\t\t\t\t\t\t\t<\/div>\n\t\t\t\t<\/div>\n\t\t\t\t<div class=\"elementor-element elementor-element-4f3adde elementor-widget elementor-widget-image\" data-id=\"4f3adde\" data-element_type=\"widget\" data-e-type=\"widget\" data-widget_type=\"image.default\">\n\t\t\t\t<div class=\"elementor-widget-container\">\n\t\t\t\t\t\t\t\t\t\t\t\t\t\t\t<img decoding=\"async\" width=\"960\" height=\"682\" src=\"https:\/\/kdhits.com\/wp-content\/uploads\/2023\/06\/6_About_Creative_Digital_Agency-Projects_2.jpg\" class=\"attachment-large size-large wp-image-299\" alt=\"\" srcset=\"https:\/\/kdhits.com\/wp-content\/uploads\/2023\/06\/6_About_Creative_Digital_Agency-Projects_2.jpg 960w, https:\/\/kdhits.com\/wp-content\/uploads\/2023\/06\/6_About_Creative_Digital_Agency-Projects_2-300x213.jpg 300w, https:\/\/kdhits.com\/wp-content\/uploads\/2023\/06\/6_About_Creative_Digital_Agency-Projects_2-768x546.jpg 768w, https:\/\/kdhits.com\/wp-content\/uploads\/2023\/06\/6_About_Creative_Digital_Agency-Projects_2-18x12.jpg 18w, https:\/\/kdhits.com\/wp-content\/uploads\/2023\/06\/6_About_Creative_Digital_Agency-Projects_2-600x426.jpg 600w\" sizes=\"(max-width: 960px) 100vw, 960px\" \/>\t\t\t\t\t\t\t\t\t\t\t\t\t\t\t<\/div>\n\t\t\t\t<\/div>\n\t\t\t\t\t<\/div>\n\t\t<\/div>\n\t\t\t\t<div class=\"elementor-column elementor-col-50 elementor-top-column elementor-element elementor-element-79ecb03\" data-id=\"79ecb03\" data-element_type=\"column\" data-e-type=\"column\">\n\t\t\t<div class=\"elementor-widget-wrap elementor-element-populated\">\n\t\t\t\t\t\t<div class=\"elementor-element elementor-element-0aae63f elementor-widget elementor-widget-heading\" data-id=\"0aae63f\" data-element_type=\"widget\" data-e-type=\"widget\" data-widget_type=\"heading.default\">\n\t\t\t\t<div class=\"elementor-widget-container\">\n\t\t\t\t\t<h2 class=\"elementor-heading-title elementor-size-large\">IT SERVICES<\/h2>\t\t\t\t<\/div>\n\t\t\t\t<\/div>\n\t\t\t\t<div class=\"elementor-element elementor-element-4bddcc0 elementor-invisible elementor-widget elementor-widget-text-editor\" data-id=\"4bddcc0\" data-element_type=\"widget\" data-e-type=\"widget\" data-settings=\"{&quot;_animation&quot;:&quot;fadeIn&quot;,&quot;_animation_delay&quot;:600}\" data-widget_type=\"text-editor.default\">\n\t\t\t\t<div class=\"elementor-widget-container\">\n\t\t\t\t\t\t\t\t\t<p>&#8211;<strong>Problem solving<\/strong>:Identify and resolve the causes of IT problems, analyse data, seek solutions and test possible corrections.<\/p><p>&#8211;<strong>Technical consultation<\/strong>:Provide expert advice and guidance. Developing technical strategies, recommending<br \/>hardware and software solutions, and to provide training and support to ensure that the systems are used<br \/>efficiently.<\/p><p>&#8211;<strong>Customer service<\/strong>:Supervise the team responsible for customer service and ensure that customers have a positive experience with the company. Develop strategies to improve<br \/>customer satisfaction, train customer service representatives, monitor customer interactions and analyse customer feedback to identify areas for improvement.<\/p><p>&#8211;<strong>Incident management<\/strong>: Manage interruptions to IT services and restore them within the time limits set out in the<br \/>(SLAs). To assess the impact of an incident, developing a plan to address it and communicate it to stakeholders. To ensure that they are informed of the status of the incident.<\/p><p>&#8211;<strong>Other services<\/strong>:Monitor networks, perform status checks, track system and security updates, and generate reports to assist in decision making and auditing.<\/p>\t\t\t\t\t\t\t\t<\/div>\n\t\t\t\t<\/div>\n\t\t\t\t\t<\/div>\n\t\t<\/div>\n\t\t\t\t\t<\/div>\n\t\t<\/section>\n\t\t\t\t<section class=\"elementor-section elementor-top-section elementor-element elementor-element-57008f28 elementor-section-full_width elementor-section-height-min-height elementor-section-items-stretch elementor-section-content-middle elementor-section-height-default\" data-id=\"57008f28\" data-element_type=\"section\" data-e-type=\"section\">\n\t\t\t\t\t\t<div class=\"elementor-container elementor-column-gap-no\">\n\t\t\t\t\t<div class=\"elementor-column elementor-col-100 elementor-top-column elementor-element elementor-element-7a71f05\" data-id=\"7a71f05\" data-element_type=\"column\" data-e-type=\"column\">\n\t\t\t<div class=\"elementor-widget-wrap elementor-element-populated\">\n\t\t\t\t\t\t<div class=\"elementor-element elementor-element-48ca7cd9 elementor-widget__width-auto elementor-absolute elementor-invisible elementor-widget elementor-widget-image\" data-id=\"48ca7cd9\" data-element_type=\"widget\" data-e-type=\"widget\" data-settings=\"{&quot;_animation&quot;:&quot;slideInLeft&quot;,&quot;_position&quot;:&quot;absolute&quot;}\" data-widget_type=\"image.default\">\n\t\t\t\t<div class=\"elementor-widget-container\">\n\t\t\t\t\t\t\t\t\t\t\t\t\t\t\t<img decoding=\"async\" width=\"683\" height=\"1024\" src=\"https:\/\/kdhits.com\/wp-content\/uploads\/2023\/06\/giancarlo-duarte-cTj8vbZeX44-unsplash-683x1024.jpg\" class=\"attachment-large size-large wp-image-140\" alt=\"\" srcset=\"https:\/\/kdhits.com\/wp-content\/uploads\/2023\/06\/giancarlo-duarte-cTj8vbZeX44-unsplash-683x1024.jpg 683w, https:\/\/kdhits.com\/wp-content\/uploads\/2023\/06\/giancarlo-duarte-cTj8vbZeX44-unsplash-200x300.jpg 200w, https:\/\/kdhits.com\/wp-content\/uploads\/2023\/06\/giancarlo-duarte-cTj8vbZeX44-unsplash-768x1152.jpg 768w, https:\/\/kdhits.com\/wp-content\/uploads\/2023\/06\/giancarlo-duarte-cTj8vbZeX44-unsplash-1024x1536.jpg 1024w, https:\/\/kdhits.com\/wp-content\/uploads\/2023\/06\/giancarlo-duarte-cTj8vbZeX44-unsplash-1365x2048.jpg 1365w, https:\/\/kdhits.com\/wp-content\/uploads\/2023\/06\/giancarlo-duarte-cTj8vbZeX44-unsplash-600x900.jpg 600w, https:\/\/kdhits.com\/wp-content\/uploads\/2023\/06\/giancarlo-duarte-cTj8vbZeX44-unsplash-scaled.jpg 1707w\" sizes=\"(max-width: 683px) 100vw, 683px\" \/>\t\t\t\t\t\t\t\t\t\t\t\t\t\t\t<\/div>\n\t\t\t\t<\/div>\n\t\t\t\t<section class=\"elementor-section elementor-inner-section elementor-element elementor-element-72721e4e elementor-section-height-min-height elementor-section-content-middle elementor-section-boxed elementor-section-height-default\" data-id=\"72721e4e\" data-element_type=\"section\" data-e-type=\"section\" data-settings=\"{&quot;background_background&quot;:&quot;classic&quot;}\">\n\t\t\t\t\t\t<div class=\"elementor-container elementor-column-gap-no\">\n\t\t\t\t\t<div class=\"elementor-column elementor-col-100 elementor-inner-column elementor-element elementor-element-46331465\" data-id=\"46331465\" data-element_type=\"column\" data-e-type=\"column\">\n\t\t\t<div class=\"elementor-widget-wrap elementor-element-populated\">\n\t\t\t\t\t\t<div class=\"elementor-element elementor-element-133fcbae elementor-invisible elementor-widget elementor-widget-heading\" data-id=\"133fcbae\" data-element_type=\"widget\" data-e-type=\"widget\" data-settings=\"{&quot;_animation&quot;:&quot;fadeIn&quot;}\" data-widget_type=\"heading.default\">\n\t\t\t\t<div class=\"elementor-widget-container\">\n\t\t\t\t\t<h2 class=\"elementor-heading-title elementor-size-default\">MUSIC<\/h2>\t\t\t\t<\/div>\n\t\t\t\t<\/div>\n\t\t\t\t<div class=\"elementor-element elementor-element-5cd5ebe8 elementor-invisible elementor-widget elementor-widget-text-editor\" data-id=\"5cd5ebe8\" data-element_type=\"widget\" data-e-type=\"widget\" data-settings=\"{&quot;_animation&quot;:&quot;fadeIn&quot;,&quot;_animation_delay&quot;:200}\" data-widget_type=\"text-editor.default\">\n\t\t\t\t<div class=\"elementor-widget-container\">\n\t\t\t\t\t\t\t\t\t<p>The world of music at KDHITS<\/p><p>&#8211; <strong>Guitar<\/strong>:We offer guitar lessons for beginners and advanced levels. Our expert instructors will help you develop your musical skills.<\/p><p>&#8211;<strong> Logic Pro<\/strong>:If you are a music production enthusiast, we provide training in Logic Pro, a powerful music recording and editing tool.<\/p>\t\t\t\t\t\t\t\t<\/div>\n\t\t\t\t<\/div>\n\t\t\t\t<div class=\"elementor-element elementor-element-1bcadbc5 elementor-mobile-align-center elementor-align-center elementor-widget elementor-widget-button\" data-id=\"1bcadbc5\" data-element_type=\"widget\" data-e-type=\"widget\" data-widget_type=\"button.default\">\n\t\t\t\t<div class=\"elementor-widget-container\">\n\t\t\t\t\t\t\t\t\t<div class=\"elementor-button-wrapper\">\n\t\t\t\t\t<a class=\"elementor-button elementor-button-link elementor-size-sm\" href=\"https:\/\/kdhits.com\/en\/nosotros\/\">\n\t\t\t\t\t\t<span class=\"elementor-button-content-wrapper\">\n\t\t\t\t\t\t\t\t\t<span class=\"elementor-button-text\">GET TO KNOW US <\/span>\n\t\t\t\t\t<\/span>\n\t\t\t\t\t<\/a>\n\t\t\t\t<\/div>\n\t\t\t\t\t\t\t\t<\/div>\n\t\t\t\t<\/div>\n\t\t\t\t\t<\/div>\n\t\t<\/div>\n\t\t\t\t\t<\/div>\n\t\t<\/section>\n\t\t\t\t\t<\/div>\n\t\t<\/div>\n\t\t\t\t\t<\/div>\n\t\t<\/section>\n\t\t\t\t<section class=\"elementor-section elementor-top-section elementor-element elementor-element-406d6b8a elementor-section-height-min-height elementor-section-items-stretch elementor-section-content-bottom elementor-section-boxed elementor-section-height-default\" data-id=\"406d6b8a\" data-element_type=\"section\" data-e-type=\"section\" data-settings=\"{&quot;background_background&quot;:&quot;classic&quot;}\">\n\t\t\t\t\t\t<div class=\"elementor-container elementor-column-gap-no\">\n\t\t\t\t\t<div class=\"elementor-column elementor-col-50 elementor-top-column elementor-element elementor-element-34c58f5e\" data-id=\"34c58f5e\" data-element_type=\"column\" data-e-type=\"column\" data-settings=\"{&quot;background_background&quot;:&quot;classic&quot;}\">\n\t\t\t<div class=\"elementor-widget-wrap elementor-element-populated\">\n\t\t\t\t\t\t<div class=\"elementor-element elementor-element-79c6ed2 elementor-widget elementor-widget-heading\" data-id=\"79c6ed2\" data-element_type=\"widget\" data-e-type=\"widget\" data-widget_type=\"heading.default\">\n\t\t\t\t<div class=\"elementor-widget-container\">\n\t\t\t\t\t<h2 class=\"elementor-heading-title elementor-size-default\">LANGUAGES<\/h2>\t\t\t\t<\/div>\n\t\t\t\t<\/div>\n\t\t\t\t<div class=\"elementor-element elementor-element-6014801 elementor-invisible elementor-widget elementor-widget-text-editor\" data-id=\"6014801\" data-element_type=\"widget\" data-e-type=\"widget\" data-settings=\"{&quot;_animation&quot;:&quot;fadeIn&quot;,&quot;_animation_delay&quot;:200}\" data-widget_type=\"text-editor.default\">\n\t\t\t\t<div class=\"elementor-widget-container\">\n\t\t\t\t\t\t\t\t\t<p>&#8211;<strong>German<\/strong>:Do you want to learn German? We have courses designed to help you master this language. Our native teachers will guide you in your learning process.<br \/>&#8211;<strong>English<\/strong>:English is an essential skill in today's business world. We offer English courses tailored to your needs, whether you are looking to improve your communication skills or prepare for official exams.<\/p>\t\t\t\t\t\t\t\t<\/div>\n\t\t\t\t<\/div>\n\t\t\t\t\t<\/div>\n\t\t<\/div>\n\t\t\t\t<div class=\"elementor-column elementor-col-50 elementor-top-column elementor-element elementor-element-60c78511\" data-id=\"60c78511\" data-element_type=\"column\" data-e-type=\"column\" data-settings=\"{&quot;background_background&quot;:&quot;classic&quot;}\">\n\t\t\t<div class=\"elementor-widget-wrap elementor-element-populated\">\n\t\t\t\t\t\t<div class=\"elementor-element elementor-element-2487641f elementor-invisible elementor-widget elementor-widget-image\" data-id=\"2487641f\" data-element_type=\"widget\" data-e-type=\"widget\" data-settings=\"{&quot;_animation&quot;:&quot;slideInUp&quot;}\" data-widget_type=\"image.default\">\n\t\t\t\t<div class=\"elementor-widget-container\">\n\t\t\t\t\t\t\t\t\t\t\t\t\t\t\t<img loading=\"lazy\" decoding=\"async\" width=\"1024\" height=\"684\" src=\"https:\/\/kdhits.com\/wp-content\/uploads\/2023\/06\/estee-janssens-2enBTsIVhUU-unsplash-1024x684.jpg\" class=\"attachment-large size-large wp-image-229\" alt=\"\" srcset=\"https:\/\/kdhits.com\/wp-content\/uploads\/2023\/06\/estee-janssens-2enBTsIVhUU-unsplash-1024x684.jpg 1024w, https:\/\/kdhits.com\/wp-content\/uploads\/2023\/06\/estee-janssens-2enBTsIVhUU-unsplash-300x201.jpg 300w, https:\/\/kdhits.com\/wp-content\/uploads\/2023\/06\/estee-janssens-2enBTsIVhUU-unsplash-768x513.jpg 768w, https:\/\/kdhits.com\/wp-content\/uploads\/2023\/06\/estee-janssens-2enBTsIVhUU-unsplash-1536x1027.jpg 1536w, https:\/\/kdhits.com\/wp-content\/uploads\/2023\/06\/estee-janssens-2enBTsIVhUU-unsplash-2048x1369.jpg 2048w, https:\/\/kdhits.com\/wp-content\/uploads\/2023\/06\/estee-janssens-2enBTsIVhUU-unsplash-18x12.jpg 18w, https:\/\/kdhits.com\/wp-content\/uploads\/2023\/06\/estee-janssens-2enBTsIVhUU-unsplash-600x401.jpg 600w\" sizes=\"(max-width: 1024px) 100vw, 1024px\" \/>\t\t\t\t\t\t\t\t\t\t\t\t\t\t\t<\/div>\n\t\t\t\t<\/div>\n\t\t\t\t\t<\/div>\n\t\t<\/div>\n\t\t\t\t\t<\/div>\n\t\t<\/section>\n\t\t\t\t<\/div>","protected":false},"excerpt":{"rendered":"<p>NUESTROS SERVICIOS KDHITS ofrece una variedad deservicios de IT, m\u00fasica e idiomascon un enfoque en la entrega excepcional servicio al cliente con una calidad y profesionalidad inmejorables. IT SERVICIOS &#8211;Resoluci\u00f3n de problemas: Identificar y resolver las causas de los problemas inform\u00e1ticos, analizar datos, buscar soluciones y probar posibles correcciones. &#8211;Consulta t\u00e9cnica: Proporcionar asesoramiento y orientaci\u00f3n [&hellip;]<\/p>\n","protected":false},"author":2,"featured_media":0,"parent":0,"menu_order":0,"comment_status":"closed","ping_status":"closed","template":"elementor_header_footer","meta":{"footnotes":""},"class_list":["post-71","page","type-page","status-publish","hentry"],"_links":{"self":[{"href":"https:\/\/kdhits.com\/en\/wp-json\/wp\/v2\/pages\/71","targetHints":{"allow":["GET"]}}],"collection":[{"href":"https:\/\/kdhits.com\/en\/wp-json\/wp\/v2\/pages"}],"about":[{"href":"https:\/\/kdhits.com\/en\/wp-json\/wp\/v2\/types\/page"}],"author":[{"embeddable":true,"href":"https:\/\/kdhits.com\/en\/wp-json\/wp\/v2\/users\/2"}],"replies":[{"embeddable":true,"href":"https:\/\/kdhits.com\/en\/wp-json\/wp\/v2\/comments?post=71"}],"version-history":[{"count":208,"href":"https:\/\/kdhits.com\/en\/wp-json\/wp\/v2\/pages\/71\/revisions"}],"predecessor-version":[{"id":746,"href":"https:\/\/kdhits.com\/en\/wp-json\/wp\/v2\/pages\/71\/revisions\/746"}],"wp:attachment":[{"href":"https:\/\/kdhits.com\/en\/wp-json\/wp\/v2\/media?parent=71"}],"curies":[{"name":"wp","href":"https:\/\/api.w.org\/{rel}","templated":true}]}}