{"id":22,"date":"2023-06-23T10:51:13","date_gmt":"2023-06-23T10:51:13","guid":{"rendered":"https:\/\/kdhits.com\/inicio\/"},"modified":"2025-11-18T19:37:41","modified_gmt":"2025-11-18T19:37:41","slug":"inicio","status":"publish","type":"page","link":"https:\/\/kdhits.com\/en\/","title":{"rendered":"P\u00e1gina Principal"},"content":{"rendered":"\t\t<div data-elementor-type=\"wp-page\" data-elementor-id=\"22\" class=\"elementor elementor-22\" data-elementor-post-type=\"page\">\n\t\t\t\t\t\t<section class=\"elementor-section elementor-top-section elementor-element elementor-element-14ea7ac8 elementor-section-full_width elementor-section-height-min-height elementor-section-content-middle elementor-section-height-default elementor-section-items-middle\" data-id=\"14ea7ac8\" data-element_type=\"section\" data-e-type=\"section\">\n\t\t\t\t\t\t<div class=\"elementor-container elementor-column-gap-no\">\n\t\t\t\t\t<div class=\"elementor-column elementor-col-50 elementor-top-column elementor-element elementor-element-408bf2a6\" data-id=\"408bf2a6\" data-element_type=\"column\" data-e-type=\"column\">\n\t\t\t<div class=\"elementor-widget-wrap elementor-element-populated\">\n\t\t\t\t\t\t<div class=\"elementor-element elementor-element-33ae50b6 elementor-widget elementor-widget-heading\" data-id=\"33ae50b6\" data-element_type=\"widget\" data-e-type=\"widget\" data-widget_type=\"heading.default\">\n\t\t\t\t<div class=\"elementor-widget-container\">\n\t\t\t\t\t<h1 class=\"elementor-heading-title elementor-size-default\">KDHITS SERVICIOS<\/h1>\t\t\t\t<\/div>\n\t\t\t\t<\/div>\n\t\t\t\t<div class=\"elementor-element elementor-element-297634b2 elementor-widget__width-initial elementor-widget elementor-widget-text-editor\" data-id=\"297634b2\" data-element_type=\"widget\" data-e-type=\"widget\" data-widget_type=\"text-editor.default\">\n\t\t\t\t<div class=\"elementor-widget-container\">\n\t\t\t\t\t\t\t\t\t<p>En KDHITS, ofrecemos una creciente gama de servicios tanto a usuarios finales como a empresas.\u00a0<br \/>Nuestra propuesta de valor se centra en ofrecer un servicio al cliente excepcional. Con excelente calidad y profesionalidad. Los servicios ofrecidos son:<br \/>IT, M\u00fasica y cursos de idiomas.<br \/>.<\/p>\t\t\t\t\t\t\t\t<\/div>\n\t\t\t\t<\/div>\n\t\t\t\t<div class=\"elementor-element elementor-element-6ac8ce31 elementor-widget__width-auto elementor-invisible elementor-widget elementor-widget-button\" data-id=\"6ac8ce31\" data-element_type=\"widget\" data-e-type=\"widget\" data-settings=\"{&quot;motion_fx_motion_fx_scrolling&quot;:&quot;yes&quot;,&quot;motion_fx_scale_effect&quot;:&quot;yes&quot;,&quot;motion_fx_scale_range&quot;:{&quot;unit&quot;:&quot;%&quot;,&quot;size&quot;:&quot;&quot;,&quot;sizes&quot;:{&quot;start&quot;:50,&quot;end&quot;:100}},&quot;motion_fx_devices&quot;:[&quot;desktop&quot;,&quot;mobile&quot;],&quot;_animation&quot;:&quot;pulse&quot;,&quot;_animation_delay&quot;:600,&quot;motion_fx_scale_direction&quot;:&quot;out-in&quot;,&quot;motion_fx_scale_speed&quot;:{&quot;unit&quot;:&quot;px&quot;,&quot;size&quot;:4,&quot;sizes&quot;:[]}}\" data-widget_type=\"button.default\">\n\t\t\t\t<div class=\"elementor-widget-container\">\n\t\t\t\t\t\t\t\t\t<div class=\"elementor-button-wrapper\">\n\t\t\t\t\t<a class=\"elementor-button elementor-button-link elementor-size-sm elementor-animation-float\" href=\"https:\/\/kdhits.com\/servicios\/\">\n\t\t\t\t\t\t<span class=\"elementor-button-content-wrapper\">\n\t\t\t\t\t\t\t\t\t<span class=\"elementor-button-text\">VER DETALLES DE SERVICIO<\/span>\n\t\t\t\t\t<\/span>\n\t\t\t\t\t<\/a>\n\t\t\t\t<\/div>\n\t\t\t\t\t\t\t\t<\/div>\n\t\t\t\t<\/div>\n\t\t\t\t\t<\/div>\n\t\t<\/div>\n\t\t\t\t<div class=\"elementor-column elementor-col-50 elementor-top-column elementor-element elementor-element-5701f589\" data-id=\"5701f589\" data-element_type=\"column\" data-e-type=\"column\">\n\t\t\t<div class=\"elementor-widget-wrap elementor-element-populated\">\n\t\t\t\t\t\t<div class=\"elementor-element elementor-element-397da692 elementor-widget__width-initial elementor-widget-tablet__width-initial elementor-widget-mobile__width-initial elementor-invisible elementor-widget elementor-widget-image\" data-id=\"397da692\" data-element_type=\"widget\" data-e-type=\"widget\" data-settings=\"{&quot;_animation&quot;:&quot;fadeInRight&quot;}\" data-widget_type=\"image.default\">\n\t\t\t\t<div class=\"elementor-widget-container\">\n\t\t\t\t\t\t\t\t\t\t\t\t\t\t\t<img fetchpriority=\"high\" decoding=\"async\" width=\"2560\" height=\"1707\" src=\"https:\/\/kdhits.com\/wp-content\/uploads\/2023\/06\/clement-helardot-95YRwf6CNw8-unsplash-scaled.jpg\" class=\"attachment-full size-full wp-image-144\" alt=\"\" srcset=\"https:\/\/kdhits.com\/wp-content\/uploads\/2023\/06\/clement-helardot-95YRwf6CNw8-unsplash-scaled.jpg 2560w, https:\/\/kdhits.com\/wp-content\/uploads\/2023\/06\/clement-helardot-95YRwf6CNw8-unsplash-300x200.jpg 300w, https:\/\/kdhits.com\/wp-content\/uploads\/2023\/06\/clement-helardot-95YRwf6CNw8-unsplash-1024x683.jpg 1024w, https:\/\/kdhits.com\/wp-content\/uploads\/2023\/06\/clement-helardot-95YRwf6CNw8-unsplash-768x512.jpg 768w, https:\/\/kdhits.com\/wp-content\/uploads\/2023\/06\/clement-helardot-95YRwf6CNw8-unsplash-1536x1024.jpg 1536w, https:\/\/kdhits.com\/wp-content\/uploads\/2023\/06\/clement-helardot-95YRwf6CNw8-unsplash-2048x1365.jpg 2048w, https:\/\/kdhits.com\/wp-content\/uploads\/2023\/06\/clement-helardot-95YRwf6CNw8-unsplash-600x400.jpg 600w\" sizes=\"(max-width: 2560px) 100vw, 2560px\" \/>\t\t\t\t\t\t\t\t\t\t\t\t\t\t\t<\/div>\n\t\t\t\t<\/div>\n\t\t\t\t<div class=\"elementor-element elementor-element-2e9bba98 elementor-widget__width-initial elementor-widget-tablet__width-initial elementor-widget-mobile__width-initial elementor-invisible elementor-widget elementor-widget-image\" data-id=\"2e9bba98\" data-element_type=\"widget\" data-e-type=\"widget\" data-settings=\"{&quot;_animation&quot;:&quot;fadeInLeft&quot;}\" data-widget_type=\"image.default\">\n\t\t\t\t<div class=\"elementor-widget-container\">\n\t\t\t\t\t\t\t\t\t\t\t\t\t\t\t<img decoding=\"async\" width=\"1707\" height=\"2560\" src=\"https:\/\/kdhits.com\/wp-content\/uploads\/2023\/06\/katie-moum-7XGtYefMXiQ-unsplash-scaled.jpg\" class=\"attachment-full size-full wp-image-143\" alt=\"\" srcset=\"https:\/\/kdhits.com\/wp-content\/uploads\/2023\/06\/katie-moum-7XGtYefMXiQ-unsplash-scaled.jpg 1707w, https:\/\/kdhits.com\/wp-content\/uploads\/2023\/06\/katie-moum-7XGtYefMXiQ-unsplash-200x300.jpg 200w, https:\/\/kdhits.com\/wp-content\/uploads\/2023\/06\/katie-moum-7XGtYefMXiQ-unsplash-683x1024.jpg 683w, https:\/\/kdhits.com\/wp-content\/uploads\/2023\/06\/katie-moum-7XGtYefMXiQ-unsplash-768x1152.jpg 768w, https:\/\/kdhits.com\/wp-content\/uploads\/2023\/06\/katie-moum-7XGtYefMXiQ-unsplash-1024x1536.jpg 1024w, https:\/\/kdhits.com\/wp-content\/uploads\/2023\/06\/katie-moum-7XGtYefMXiQ-unsplash-1365x2048.jpg 1365w, https:\/\/kdhits.com\/wp-content\/uploads\/2023\/06\/katie-moum-7XGtYefMXiQ-unsplash-600x900.jpg 600w\" sizes=\"(max-width: 1707px) 100vw, 1707px\" \/>\t\t\t\t\t\t\t\t\t\t\t\t\t\t\t<\/div>\n\t\t\t\t<\/div>\n\t\t\t\t<div class=\"elementor-element elementor-element-32b677a6 elementor-invisible elementor-widget elementor-widget-image\" data-id=\"32b677a6\" data-element_type=\"widget\" data-e-type=\"widget\" data-settings=\"{&quot;_animation&quot;:&quot;fadeInDown&quot;}\" data-widget_type=\"image.default\">\n\t\t\t\t<div class=\"elementor-widget-container\">\n\t\t\t\t\t\t\t\t\t\t\t\t\t\t\t<img decoding=\"async\" width=\"1707\" height=\"2560\" src=\"https:\/\/kdhits.com\/wp-content\/uploads\/2023\/06\/giancarlo-duarte-cTj8vbZeX44-unsplash-scaled.jpg\" class=\"attachment-full size-full wp-image-140\" alt=\"\" srcset=\"https:\/\/kdhits.com\/wp-content\/uploads\/2023\/06\/giancarlo-duarte-cTj8vbZeX44-unsplash-scaled.jpg 1707w, https:\/\/kdhits.com\/wp-content\/uploads\/2023\/06\/giancarlo-duarte-cTj8vbZeX44-unsplash-200x300.jpg 200w, https:\/\/kdhits.com\/wp-content\/uploads\/2023\/06\/giancarlo-duarte-cTj8vbZeX44-unsplash-683x1024.jpg 683w, https:\/\/kdhits.com\/wp-content\/uploads\/2023\/06\/giancarlo-duarte-cTj8vbZeX44-unsplash-768x1152.jpg 768w, https:\/\/kdhits.com\/wp-content\/uploads\/2023\/06\/giancarlo-duarte-cTj8vbZeX44-unsplash-1024x1536.jpg 1024w, https:\/\/kdhits.com\/wp-content\/uploads\/2023\/06\/giancarlo-duarte-cTj8vbZeX44-unsplash-1365x2048.jpg 1365w, https:\/\/kdhits.com\/wp-content\/uploads\/2023\/06\/giancarlo-duarte-cTj8vbZeX44-unsplash-600x900.jpg 600w\" sizes=\"(max-width: 1707px) 100vw, 1707px\" \/>\t\t\t\t\t\t\t\t\t\t\t\t\t\t\t<\/div>\n\t\t\t\t<\/div>\n\t\t\t\t\t<\/div>\n\t\t<\/div>\n\t\t\t\t\t<\/div>\n\t\t<\/section>\n\t\t\t\t<section class=\"elementor-section elementor-top-section elementor-element elementor-element-4bb06c70 elementor-section-full_width elementor-section-height-default elementor-section-height-default\" data-id=\"4bb06c70\" data-element_type=\"section\" data-e-type=\"section\">\n\t\t\t\t\t\t<div class=\"elementor-container elementor-column-gap-no\">\n\t\t\t\t\t<div class=\"elementor-column elementor-col-100 elementor-top-column elementor-element elementor-element-4b5f8d93\" data-id=\"4b5f8d93\" data-element_type=\"column\" data-e-type=\"column\">\n\t\t\t<div class=\"elementor-widget-wrap elementor-element-populated\">\n\t\t\t\t\t\t<div class=\"elementor-element elementor-element-4b843056 elementor-widget elementor-widget-heading\" data-id=\"4b843056\" data-element_type=\"widget\" data-e-type=\"widget\" data-widget_type=\"heading.default\">\n\t\t\t\t<div class=\"elementor-widget-container\">\n\t\t\t\t\t<h2 class=\"elementor-heading-title elementor-size-default\">RESERVA TU SERVICIO<\/h2>\t\t\t\t<\/div>\n\t\t\t\t<\/div>\n\t\t\t\t<section class=\"elementor-section elementor-inner-section elementor-element elementor-element-4063a883 elementor-section-full_width elementor-section-height-default elementor-section-height-default\" data-id=\"4063a883\" data-element_type=\"section\" data-e-type=\"section\">\n\t\t\t\t\t\t<div class=\"elementor-container elementor-column-gap-no\">\n\t\t\t\t\t<div class=\"elementor-column elementor-col-33 elementor-inner-column elementor-element elementor-element-152c8775\" data-id=\"152c8775\" data-element_type=\"column\" data-e-type=\"column\">\n\t\t\t<div class=\"elementor-widget-wrap elementor-element-populated\">\n\t\t\t\t\t\t<div class=\"elementor-element elementor-element-7b19d376 elementor-widget__width-auto elementor-invisible elementor-widget elementor-widget-heading\" data-id=\"7b19d376\" data-element_type=\"widget\" data-e-type=\"widget\" data-settings=\"{&quot;_animation&quot;:&quot;zoomIn&quot;}\" data-widget_type=\"heading.default\">\n\t\t\t\t<div class=\"elementor-widget-container\">\n\t\t\t\t\t<p class=\"elementor-heading-title elementor-size-default\"><a href=\"https:\/\/kdhits.com\/reservas\/\">IT SERVICIOS<\/a><\/p>\t\t\t\t<\/div>\n\t\t\t\t<\/div>\n\t\t\t\t\t<\/div>\n\t\t<\/div>\n\t\t\t\t<div class=\"elementor-column elementor-col-33 elementor-inner-column elementor-element elementor-element-416b1c28\" data-id=\"416b1c28\" data-element_type=\"column\" data-e-type=\"column\">\n\t\t\t<div class=\"elementor-widget-wrap elementor-element-populated\">\n\t\t\t\t\t\t<div class=\"elementor-element elementor-element-37f8acb9 elementor-widget__width-initial elementor-invisible elementor-widget elementor-widget-heading\" data-id=\"37f8acb9\" data-element_type=\"widget\" data-e-type=\"widget\" data-settings=\"{&quot;_animation&quot;:&quot;zoomIn&quot;,&quot;_animation_delay&quot;:200}\" data-widget_type=\"heading.default\">\n\t\t\t\t<div class=\"elementor-widget-container\">\n\t\t\t\t\t<p class=\"elementor-heading-title elementor-size-default\"><a href=\"https:\/\/kdhits.com\/cursos-de-musica\/\">M\u00daSICA<\/a><\/p>\t\t\t\t<\/div>\n\t\t\t\t<\/div>\n\t\t\t\t\t<\/div>\n\t\t<\/div>\n\t\t\t\t<div class=\"elementor-column elementor-col-33 elementor-inner-column elementor-element elementor-element-1732db9f\" data-id=\"1732db9f\" data-element_type=\"column\" data-e-type=\"column\">\n\t\t\t<div class=\"elementor-widget-wrap elementor-element-populated\">\n\t\t\t\t\t\t<div class=\"elementor-element elementor-element-32bd919c elementor-widget__width-auto elementor-invisible elementor-widget elementor-widget-heading\" data-id=\"32bd919c\" data-element_type=\"widget\" data-e-type=\"widget\" data-settings=\"{&quot;_animation&quot;:&quot;zoomIn&quot;,&quot;_animation_delay&quot;:400}\" data-widget_type=\"heading.default\">\n\t\t\t\t<div class=\"elementor-widget-container\">\n\t\t\t\t\t<p class=\"elementor-heading-title elementor-size-default\"><a href=\"https:\/\/kdhits.com\/cursos-de-idiomas\/\">CURSOS DE IDIOMAS<\/a><\/p>\t\t\t\t<\/div>\n\t\t\t\t<\/div>\n\t\t\t\t\t<\/div>\n\t\t<\/div>\n\t\t\t\t\t<\/div>\n\t\t<\/section>\n\t\t\t\t\t<\/div>\n\t\t<\/div>\n\t\t\t\t\t<\/div>\n\t\t<\/section>\n\t\t\t\t<section class=\"elementor-section elementor-top-section elementor-element elementor-element-ada6b2e elementor-section-full_width elementor-section-content-middle elementor-section-height-default elementor-section-height-default\" data-id=\"ada6b2e\" data-element_type=\"section\" data-e-type=\"section\" data-settings=\"{&quot;background_background&quot;:&quot;classic&quot;}\">\n\t\t\t\t\t\t<div class=\"elementor-container elementor-column-gap-no\">\n\t\t\t\t\t<div class=\"elementor-column elementor-col-100 elementor-top-column elementor-element elementor-element-24c1f2e0\" data-id=\"24c1f2e0\" data-element_type=\"column\" data-e-type=\"column\">\n\t\t\t<div class=\"elementor-widget-wrap elementor-element-populated\">\n\t\t\t\t\t\t<div class=\"elementor-element elementor-element-5a5fcb18 elementor-widget elementor-widget-heading\" data-id=\"5a5fcb18\" data-element_type=\"widget\" data-e-type=\"widget\" data-widget_type=\"heading.default\">\n\t\t\t\t<div class=\"elementor-widget-container\">\n\t\t\t\t\t<h2 class=\"elementor-heading-title elementor-size-default\">KDHITS <\/h2>\t\t\t\t<\/div>\n\t\t\t\t<\/div>\n\t\t\t\t<section class=\"elementor-section elementor-inner-section elementor-element elementor-element-4977586b elementor-section-full_width elementor-section-content-middle elementor-section-height-default elementor-section-height-default\" data-id=\"4977586b\" data-element_type=\"section\" data-e-type=\"section\" data-settings=\"{&quot;background_background&quot;:&quot;classic&quot;}\">\n\t\t\t\t\t\t<div class=\"elementor-container elementor-column-gap-no\">\n\t\t\t\t\t<div class=\"elementor-column elementor-col-50 elementor-inner-column elementor-element elementor-element-4867fa69\" data-id=\"4867fa69\" data-element_type=\"column\" data-e-type=\"column\">\n\t\t\t<div class=\"elementor-widget-wrap elementor-element-populated\">\n\t\t\t\t\t\t<div class=\"elementor-element elementor-element-4bdd40fa elementor-widget__width-initial elementor-widget-tablet__width-inherit elementor-widget elementor-widget-heading\" data-id=\"4bdd40fa\" data-element_type=\"widget\" data-e-type=\"widget\" data-widget_type=\"heading.default\">\n\t\t\t\t<div class=\"elementor-widget-container\">\n\t\t\t\t\t<h3 class=\"elementor-heading-title elementor-size-default\">REALIZAMOS EXCELENTES SERVICIOS Y TRABAJAMOS DE UNA MANERA PROFESIONAL<\/h3>\t\t\t\t<\/div>\n\t\t\t\t<\/div>\n\t\t\t\t\t<\/div>\n\t\t<\/div>\n\t\t\t\t<div class=\"elementor-column elementor-col-50 elementor-inner-column elementor-element elementor-element-3629a286\" data-id=\"3629a286\" data-element_type=\"column\" data-e-type=\"column\">\n\t\t\t<div class=\"elementor-widget-wrap elementor-element-populated\">\n\t\t\t\t\t\t<div class=\"elementor-element elementor-element-1fb94168 elementor-widget__width-initial elementor-widget-mobile__width-inherit elementor-invisible elementor-widget elementor-widget-icon-box\" data-id=\"1fb94168\" data-element_type=\"widget\" data-e-type=\"widget\" data-settings=\"{&quot;_animation&quot;:&quot;fadeInUp&quot;,&quot;_animation_delay&quot;:200}\" data-widget_type=\"icon-box.default\">\n\t\t\t\t<div class=\"elementor-widget-container\">\n\t\t\t\t\t\t\t<div class=\"elementor-icon-box-wrapper\">\n\n\t\t\t\n\t\t\t\t\t\t<div class=\"elementor-icon-box-content\">\n\n\t\t\t\t\t\t\t\t\t<h3 class=\"elementor-icon-box-title\">\n\t\t\t\t\t\t<span  >\n\t\t\t\t\t\t\tPROFESIONALES\t\t\t\t\t\t<\/span>\n\t\t\t\t\t<\/h3>\n\t\t\t\t\n\t\t\t\t\t\t\t\t\t<p class=\"elementor-icon-box-description\">\n\t\t\t\t\t\tEn KDHITS, nos enorgullecemos de contar con profesionales altamente cualificados y dedicados. Nuestros expertos en servicios inform\u00e1ticos tienen una amplia experiencia en resoluci\u00f3n de problemas t\u00e9cnicos, atenci\u00f3n al cliente y gesti\u00f3n de incidencias. Adem\u00e1s, nuestros profesores de m\u00fasica son m\u00fasicos de talento con profundos conocimientos de guitarra y del uso de software como Logic Pro. Tambi\u00e9n contamos con profesores de idiomas que tienen la experiencia necesaria para ense\u00f1ar alem\u00e1n (hablante nativo) e ingl\u00e9s (dominio totalmente profesional) de forma eficaz. Nuestro equipo se compromete a ofrecerle un servicio de calidad y a ayudarle a alcanzar sus objetivos. Conf\u00ede en nosotros, estamos aqu\u00ed para ofrecerle un servicio profesional en todas nuestras \u00e1reas de especializaci\u00f3n y expertise.\t\t\t\t\t<\/p>\n\t\t\t\t\n\t\t\t<\/div>\n\t\t\t\n\t\t<\/div>\n\t\t\t\t\t\t<\/div>\n\t\t\t\t<\/div>\n\t\t\t\t<div class=\"elementor-element elementor-element-1e872b81 elementor-widget__width-initial elementor-widget-mobile__width-inherit elementor-invisible elementor-widget elementor-widget-icon-box\" data-id=\"1e872b81\" data-element_type=\"widget\" data-e-type=\"widget\" data-settings=\"{&quot;_animation&quot;:&quot;fadeInUp&quot;}\" data-widget_type=\"icon-box.default\">\n\t\t\t\t<div class=\"elementor-widget-container\">\n\t\t\t\t\t\t\t<div class=\"elementor-icon-box-wrapper\">\n\n\t\t\t\n\t\t\t\t\t\t<div class=\"elementor-icon-box-content\">\n\n\t\t\t\t\t\t\t\t\t<h3 class=\"elementor-icon-box-title\">\n\t\t\t\t\t\t<span  >\n\t\t\t\t\t\t\tEXCELENTES SERVICIOS\t\t\t\t\t\t<\/span>\n\t\t\t\t\t<\/h3>\n\t\t\t\t\n\t\t\t\t\t\t\t\t\t<p class=\"elementor-icon-box-description\">\n\t\t\t\t\t\t<p style=\"margin: 0cm;font-size: medium;font-family: Calibri, sans-serif\"><span lang=\"ES\">KDHITS o<\/span>frec<span lang=\"ES\">e<\/span>&nbsp;excelentes servicios de TI, brindando soporte t\u00e9cnico confiable, resoluci\u00f3n de problemas y soluciones digitales modernas<span lang=\"ES\">,<\/span>&nbsp;adaptadas a las necesidades individuales. Junto con&nbsp;<span lang=\"ES\">la<\/span>&nbsp;experiencia en TI, ense\u00f1<span lang=\"ES\">amos tambi\u00e9n la<\/span>guitarra con un enfoque claro, estructurado y motivador que ayuda a los estudiantes a avanzar con confianza.&nbsp;<\/p><p style=\"margin: 0cm;font-size: medium;font-family: Calibri, sans-serif\">Imparto clases de&nbsp;<span data-start=\"18\" data-end=\"31\">Logic Pro<\/span>, el potente software de producci\u00f3n musical de Apple, ense\u00f1ando desde grabaci\u00f3n de audio y MIDI hasta mezcla con efectos profesionales y exportaci\u00f3n en formatos avanzados. Gracias a sus herramientas como Stem Splitter, Live Loops e integraci\u00f3n con Dolby Atmos, podremos aprovechar al m\u00e1ximo la creatividad y producir m\u00fasica de calidad profesional.<\/p><p style=\"margin: 0cm;font-size: medium;font-family: Calibri, sans-serif\">Tambi\u00e9n ofrezco clases de alem\u00e1n e ingl\u00e9s de alta calidad, enfocadas en la comunicaci\u00f3n pr\u00e1ctica y m\u00e9todos de aprendizaje personalizados. En conjunto, estos servicios crean un sistema integral de apoyo para el crecimiento tanto t\u00e9cnico como educativo.<\/p>\t\t\t\t\t<\/p>\n\t\t\t\t\n\t\t\t<\/div>\n\t\t\t\n\t\t<\/div>\n\t\t\t\t\t\t<\/div>\n\t\t\t\t<\/div>\n\t\t\t\t\t<\/div>\n\t\t<\/div>\n\t\t\t\t\t<\/div>\n\t\t<\/section>\n\t\t\t\t\t<\/div>\n\t\t<\/div>\n\t\t\t\t\t<\/div>\n\t\t<\/section>\n\t\t\t\t<\/div>\n\t\t","protected":false},"excerpt":{"rendered":"<p>KDHITS SERVICIOS En KDHITS, ofrecemos una creciente gama de servicios tanto a usuarios finales como a empresas.\u00a0Nuestra propuesta de valor se centra en ofrecer un servicio al cliente excepcional. Con excelente calidad y profesionalidad. Los servicios ofrecidos son:IT, M\u00fasica y cursos de idiomas.. VER DETALLES DE SERVICIO RESERVA TU SERVICIO IT SERVICIOS M\u00daSICA CURSOS DE [&hellip;]<\/p>\n","protected":false},"author":2,"featured_media":0,"parent":0,"menu_order":0,"comment_status":"closed","ping_status":"closed","template":"elementor_header_footer","meta":{"footnotes":""},"class_list":["post-22","page","type-page","status-publish","hentry"],"_links":{"self":[{"href":"https:\/\/kdhits.com\/en\/wp-json\/wp\/v2\/pages\/22","targetHints":{"allow":["GET"]}}],"collection":[{"href":"https:\/\/kdhits.com\/en\/wp-json\/wp\/v2\/pages"}],"about":[{"href":"https:\/\/kdhits.com\/en\/wp-json\/wp\/v2\/types\/page"}],"author":[{"embeddable":true,"href":"https:\/\/kdhits.com\/en\/wp-json\/wp\/v2\/users\/2"}],"replies":[{"embeddable":true,"href":"https:\/\/kdhits.com\/en\/wp-json\/wp\/v2\/comments?post=22"}],"version-history":[{"count":87,"href":"https:\/\/kdhits.com\/en\/wp-json\/wp\/v2\/pages\/22\/revisions"}],"predecessor-version":[{"id":811,"href":"https:\/\/kdhits.com\/en\/wp-json\/wp\/v2\/pages\/22\/revisions\/811"}],"wp:attachment":[{"href":"https:\/\/kdhits.com\/en\/wp-json\/wp\/v2\/media?parent=22"}],"curies":[{"name":"wp","href":"https:\/\/api.w.org\/{rel}","templated":true}]}}